{"id":608,"date":"2025-09-03T20:43:02","date_gmt":"2025-09-03T20:43:02","guid":{"rendered":"https:\/\/fralestore.com\/?post_type=product&#038;p=608"},"modified":"2025-09-03T20:43:27","modified_gmt":"2025-09-03T20:43:27","slug":"polera-urban-classic-negro","status":"publish","type":"product","link":"https:\/\/fralestore.com\/index.php\/producto\/polera-urban-classic-negro\/","title":{"rendered":"POLERA URBAN CLASSIC &#8211; NEGRO"},"content":{"rendered":"<p>Polera confeccionada en franela reactiva 20 al 1, un material de alta calidad que garantiza suavidad, resistencia y durabilidad. Su dise\u00f1o moderno con cierre frontal, gorro ajustable y bolsillos delanteros aporta comodidad y estilo casual, ideal para el d\u00eda a d\u00eda o actividades al aire libre.<\/p>\n<p><strong>Caracter\u00edsticas principales:<\/strong><\/p>\n<p>Color: Negro<\/p>\n<p>Estilo: Urbano \u2013 casual.<\/p>\n<p>Gorro con cordones ajustables.<\/p>\n<p>Bolsillos delanteros amplios.<\/p>\n<p>Cierre frontal met\u00e1lico resistente.<\/p>\n<p><strong>Tallas Disponibles: \u00a0S, M Y L<\/strong><\/p>\n<p><strong>Beneficios:<\/strong><\/p>\n<p>\u2714 Tejido transpirable y c\u00f3modo.<\/p>\n<p>\u2714 Excelente fijaci\u00f3n del color gracias al proceso de te\u00f1ido reactivo.<\/p>\n<p>\u2714 Ideal para climas frescos y uso diario.<\/p>\n<p>\u2714 Combina con diferentes estilos y prendas.<\/p>\n","protected":false},"excerpt":{"rendered":"<p>Polera confeccionada en franela reactiva 20 al 1, un material de alta calidad que garantiza suavidad, resistencia y durabilidad. Su dise\u00f1o moderno con cierre frontal, gorro ajustable y bolsillos delanteros aporta comodidad y estilo casual, ideal para el d\u00eda a d\u00eda o actividades al aire libre.<\/p>\n<p><strong>Caracter\u00edsticas principales:<\/strong><\/p>\n<p>Color: Negro<\/p>\n<p>Estilo: Urbano \u2013 casual.<\/p>\n<p>Gorro con cordones ajustables.<\/p>\n<p>Bolsillos delanteros amplios.<\/p>\n<p>Cierre frontal met\u00e1lico resistente.<\/p>\n<p><strong>Tallas Disponibles: \u00a0S, M Y L<\/strong><\/p>\n<p><strong>Beneficios:<\/strong><\/p>\n<p>\u2714 Tejido transpirable y c\u00f3modo.<\/p>\n<p>\u2714 Excelente fijaci\u00f3n del color gracias al proceso de te\u00f1ido reactivo.<\/p>\n<p>\u2714 Ideal para climas frescos y uso diario.<\/p>\n<p>\u2714 Combina con diferentes estilos y prendas.<\/p>\n","protected":false},"featured_media":603,"comment_status":"open","ping_status":"closed","template":"","meta":[],"product_brand":[],"product_cat":[49,46,20],"product_tag":[],"class_list":{"0":"post-608","1":"product","2":"type-product","3":"status-publish","4":"has-post-thumbnail","6":"product_cat-polos-varon-ropa","7":"product_cat-varon-ropa","8":"product_cat-ropa","10":"first","11":"instock","12":"sale","13":"shipping-taxable","14":"purchasable","15":"product-type-simple"},"jetpack_sharing_enabled":true,"_links":{"self":[{"href":"https:\/\/fralestore.com\/index.php\/wp-json\/wp\/v2\/product\/608","targetHints":{"allow":["GET"]}}],"collection":[{"href":"https:\/\/fralestore.com\/index.php\/wp-json\/wp\/v2\/product"}],"about":[{"href":"https:\/\/fralestore.com\/index.php\/wp-json\/wp\/v2\/types\/product"}],"replies":[{"embeddable":true,"href":"https:\/\/fralestore.com\/index.php\/wp-json\/wp\/v2\/comments?post=608"}],"wp:featuredmedia":[{"embeddable":true,"href":"https:\/\/fralestore.com\/index.php\/wp-json\/wp\/v2\/media\/603"}],"wp:attachment":[{"href":"https:\/\/fralestore.com\/index.php\/wp-json\/wp\/v2\/media?parent=608"}],"wp:term":[{"taxonomy":"product_brand","embeddable":true,"href":"https:\/\/fralestore.com\/index.php\/wp-json\/wp\/v2\/product_brand?post=608"},{"taxonomy":"product_cat","embeddable":true,"href":"https:\/\/fralestore.com\/index.php\/wp-json\/wp\/v2\/product_cat?post=608"},{"taxonomy":"product_tag","embeddable":true,"href":"https:\/\/fralestore.com\/index.php\/wp-json\/wp\/v2\/product_tag?post=608"}],"curies":[{"name":"wp","href":"https:\/\/api.w.org\/{rel}","templated":true}]}}