{"id":514,"date":"2025-07-24T16:19:04","date_gmt":"2025-07-24T16:19:04","guid":{"rendered":"https:\/\/fralestore.com\/?post_type=product&#038;p=514"},"modified":"2025-07-24T16:19:05","modified_gmt":"2025-07-24T16:19:05","slug":"gel-de-bano-para-cabello-y-cuerpo-con-aroma-a-mandarina-y-pan-de-jengibre","status":"publish","type":"product","link":"https:\/\/fralestore.com\/index.php\/producto\/gel-de-bano-para-cabello-y-cuerpo-con-aroma-a-mandarina-y-pan-de-jengibre\/","title":{"rendered":"GEL DE BA\u00d1O PARA CABELLO Y CUERPO CON AROMA A MANDARINA Y PAN DE JENGIBRE"},"content":{"rendered":"<p>\u00a1Haz que la hora del ba\u00f1o sea la parte m\u00e1s limpia, divertida y mejor del d\u00eda! Este gel fragante para el cabello y el cuerpo asegura limpieza y deja un aroma fresco y encantador en la piel de tu hijo. La f\u00f3rmula suave con extracto org\u00e1nico de mandarina no contiene jab\u00f3n, no irrita los ojos y tiene un pH equilibrado. Adem\u00e1s, este gel est\u00e1 dermatol\u00f3gicamente probado y es biodegradable. \u00a1Convierte tu ba\u00f1o en un mundo de maravillas invernales con su espuma lujosa y transforma la hora del ba\u00f1o en una experiencia alegre!<\/p>\n","protected":false},"excerpt":{"rendered":"<p>\u00a1Haz que la hora del ba\u00f1o sea la parte m\u00e1s limpia, divertida y mejor del d\u00eda! Este gel fragante para el cabello y el cuerpo asegura limpieza y deja un aroma fresco y encantador en la piel de tu hijo. La f\u00f3rmula suave con extracto org\u00e1nico de mandarina no contiene jab\u00f3n, no irrita los ojos y tiene un pH equilibrado. Adem\u00e1s, este gel est\u00e1 dermatol\u00f3gicamente probado y es biodegradable. \u00a1Convierte tu ba\u00f1o en un mundo de maravillas invernales con su espuma lujosa y transforma la hora del ba\u00f1o en una experiencia alegre!<\/p>\n","protected":false},"featured_media":503,"comment_status":"open","ping_status":"closed","template":"","meta":[],"product_brand":[],"product_cat":[44],"product_tag":[],"class_list":{"0":"post-514","1":"product","2":"type-product","3":"status-publish","4":"has-post-thumbnail","6":"product_cat-liquidacion","8":"first","9":"instock","10":"sale","11":"shipping-taxable","12":"purchasable","13":"product-type-simple"},"jetpack_sharing_enabled":true,"_links":{"self":[{"href":"https:\/\/fralestore.com\/index.php\/wp-json\/wp\/v2\/product\/514","targetHints":{"allow":["GET"]}}],"collection":[{"href":"https:\/\/fralestore.com\/index.php\/wp-json\/wp\/v2\/product"}],"about":[{"href":"https:\/\/fralestore.com\/index.php\/wp-json\/wp\/v2\/types\/product"}],"replies":[{"embeddable":true,"href":"https:\/\/fralestore.com\/index.php\/wp-json\/wp\/v2\/comments?post=514"}],"wp:featuredmedia":[{"embeddable":true,"href":"https:\/\/fralestore.com\/index.php\/wp-json\/wp\/v2\/media\/503"}],"wp:attachment":[{"href":"https:\/\/fralestore.com\/index.php\/wp-json\/wp\/v2\/media?parent=514"}],"wp:term":[{"taxonomy":"product_brand","embeddable":true,"href":"https:\/\/fralestore.com\/index.php\/wp-json\/wp\/v2\/product_brand?post=514"},{"taxonomy":"product_cat","embeddable":true,"href":"https:\/\/fralestore.com\/index.php\/wp-json\/wp\/v2\/product_cat?post=514"},{"taxonomy":"product_tag","embeddable":true,"href":"https:\/\/fralestore.com\/index.php\/wp-json\/wp\/v2\/product_tag?post=514"}],"curies":[{"name":"wp","href":"https:\/\/api.w.org\/{rel}","templated":true}]}}