{"id":513,"date":"2025-07-24T16:18:08","date_gmt":"2025-07-24T16:18:08","guid":{"rendered":"https:\/\/fralestore.com\/?post_type=product&#038;p=513"},"modified":"2025-07-24T16:18:09","modified_gmt":"2025-07-24T16:18:09","slug":"mascara-de-pestanas-5-en-1-wonder-lash-a-prueba-de-agua","status":"publish","type":"product","link":"https:\/\/fralestore.com\/index.php\/producto\/mascara-de-pestanas-5-en-1-wonder-lash-a-prueba-de-agua\/","title":{"rendered":"MASCARA DE PESTA\u00d1AS 5 EN 1 WONDER LASH A PRUEBA DE AGUA"},"content":{"rendered":"<p>Se trata de una aut\u00e9ntica m\u00e1scara de pesta\u00f1as a prueba de agua con beneficios 5-en-1 que garantiza que tus pesta\u00f1as obtengan volumen, longitud, curvatura y separaci\u00f3n. Con f\u00f3rmula resistente al agua, a prueba de manchas &amp; grumos, de larga duraci\u00f3n, en negro intenso.<\/p>\n<p>Es libre de parabenos, con un exclusivo cepillo Wonder Brush para dar volumen, alargar, rizar, separar &amp; cuidar las pesta\u00f1as en cada pasada. Beneficios: M\u00e1s longitud hasta 60% m\u00e1s, m\u00e1s volumen hasta 16x, m\u00e1s curvatura hasta 116%<\/p>\n","protected":false},"excerpt":{"rendered":"<p>Se trata de una aut\u00e9ntica m\u00e1scara de pesta\u00f1as a prueba de agua con beneficios 5-en-1 que garantiza que tus pesta\u00f1as obtengan volumen, longitud, curvatura y separaci\u00f3n. Con f\u00f3rmula resistente al agua, a prueba de manchas &amp; grumos, de larga duraci\u00f3n, en negro intenso.<\/p>\n<p>Es libre de parabenos, con un exclusivo cepillo Wonder Brush para dar volumen, alargar, rizar, separar &amp; cuidar las pesta\u00f1as en cada pasada. Beneficios: M\u00e1s longitud hasta 60% m\u00e1s, m\u00e1s volumen hasta 16x, m\u00e1s curvatura hasta 116%<\/p>\n","protected":false},"featured_media":505,"comment_status":"open","ping_status":"closed","template":"","meta":[],"product_brand":[],"product_cat":[44],"product_tag":[],"class_list":{"0":"post-513","1":"product","2":"type-product","3":"status-publish","4":"has-post-thumbnail","6":"product_cat-liquidacion","8":"first","9":"instock","10":"sale","11":"shipping-taxable","12":"purchasable","13":"product-type-simple"},"jetpack_sharing_enabled":true,"_links":{"self":[{"href":"https:\/\/fralestore.com\/index.php\/wp-json\/wp\/v2\/product\/513","targetHints":{"allow":["GET"]}}],"collection":[{"href":"https:\/\/fralestore.com\/index.php\/wp-json\/wp\/v2\/product"}],"about":[{"href":"https:\/\/fralestore.com\/index.php\/wp-json\/wp\/v2\/types\/product"}],"replies":[{"embeddable":true,"href":"https:\/\/fralestore.com\/index.php\/wp-json\/wp\/v2\/comments?post=513"}],"wp:featuredmedia":[{"embeddable":true,"href":"https:\/\/fralestore.com\/index.php\/wp-json\/wp\/v2\/media\/505"}],"wp:attachment":[{"href":"https:\/\/fralestore.com\/index.php\/wp-json\/wp\/v2\/media?parent=513"}],"wp:term":[{"taxonomy":"product_brand","embeddable":true,"href":"https:\/\/fralestore.com\/index.php\/wp-json\/wp\/v2\/product_brand?post=513"},{"taxonomy":"product_cat","embeddable":true,"href":"https:\/\/fralestore.com\/index.php\/wp-json\/wp\/v2\/product_cat?post=513"},{"taxonomy":"product_tag","embeddable":true,"href":"https:\/\/fralestore.com\/index.php\/wp-json\/wp\/v2\/product_tag?post=513"}],"curies":[{"name":"wp","href":"https:\/\/api.w.org\/{rel}","templated":true}]}}