{"id":511,"date":"2025-07-24T16:15:24","date_gmt":"2025-07-24T16:15:24","guid":{"rendered":"https:\/\/fralestore.com\/?post_type=product&#038;p=511"},"modified":"2025-07-24T16:15:26","modified_gmt":"2025-07-24T16:15:26","slug":"colonia-eau-vitale-te-verde","status":"publish","type":"product","link":"https:\/\/fralestore.com\/index.php\/producto\/colonia-eau-vitale-te-verde\/","title":{"rendered":"COLONIA EAU VITALE T\u00c9 VERDE"},"content":{"rendered":"<p>Una colonia de aromaterapia que\u00a0<strong>te ayudar\u00e1 a renovar tu energ\u00eda<\/strong>\u00a0en momentos de cansancio extremo.<\/p>\n<p><strong>\u00bfCu\u00e1les son sus beneficios?<\/strong><\/p>\n<p>Aumenta tu nivel de energ\u00eda y productividad, ayuda a lidiar con la rutina y te hace sentir motivado. Adem\u00e1s, le da un completo bienestar a tu cuerpo, mente y esp\u00edritu. \u00a1Siempre recargada!<\/p>\n<p><strong>\u00bfPara qui\u00e9n lo recomendamos?<\/strong><\/p>\n<p>Para las personas que buscan un equilibrio en su d\u00eda a d\u00eda.<\/p>\n<p><strong>CONTENIDO: 200 ml<\/strong><\/p>\n","protected":false},"excerpt":{"rendered":"<p>Una colonia de aromaterapia que\u00a0<strong>te ayudar\u00e1 a renovar tu energ\u00eda<\/strong>\u00a0en momentos de cansancio extremo.<\/p>\n<p><strong>\u00bfCu\u00e1les son sus beneficios?<\/strong><\/p>\n<p>Aumenta tu nivel de energ\u00eda y productividad, ayuda a lidiar con la rutina y te hace sentir motivado. Adem\u00e1s, le da un completo bienestar a tu cuerpo, mente y esp\u00edritu. \u00a1Siempre recargada!<\/p>\n<p><strong>\u00bfPara qui\u00e9n lo recomendamos?<\/strong><\/p>\n<p>Para las personas que buscan un equilibrio en su d\u00eda a d\u00eda.<\/p>\n<p><strong>CONTENIDO: 200 ml<\/strong><\/p>\n","protected":false},"featured_media":502,"comment_status":"open","ping_status":"closed","template":"","meta":[],"product_brand":[],"product_cat":[44],"product_tag":[],"class_list":{"0":"post-511","1":"product","2":"type-product","3":"status-publish","4":"has-post-thumbnail","6":"product_cat-liquidacion","8":"first","9":"instock","10":"sale","11":"shipping-taxable","12":"purchasable","13":"product-type-simple"},"jetpack_sharing_enabled":true,"_links":{"self":[{"href":"https:\/\/fralestore.com\/index.php\/wp-json\/wp\/v2\/product\/511","targetHints":{"allow":["GET"]}}],"collection":[{"href":"https:\/\/fralestore.com\/index.php\/wp-json\/wp\/v2\/product"}],"about":[{"href":"https:\/\/fralestore.com\/index.php\/wp-json\/wp\/v2\/types\/product"}],"replies":[{"embeddable":true,"href":"https:\/\/fralestore.com\/index.php\/wp-json\/wp\/v2\/comments?post=511"}],"wp:featuredmedia":[{"embeddable":true,"href":"https:\/\/fralestore.com\/index.php\/wp-json\/wp\/v2\/media\/502"}],"wp:attachment":[{"href":"https:\/\/fralestore.com\/index.php\/wp-json\/wp\/v2\/media?parent=511"}],"wp:term":[{"taxonomy":"product_brand","embeddable":true,"href":"https:\/\/fralestore.com\/index.php\/wp-json\/wp\/v2\/product_brand?post=511"},{"taxonomy":"product_cat","embeddable":true,"href":"https:\/\/fralestore.com\/index.php\/wp-json\/wp\/v2\/product_cat?post=511"},{"taxonomy":"product_tag","embeddable":true,"href":"https:\/\/fralestore.com\/index.php\/wp-json\/wp\/v2\/product_tag?post=511"}],"curies":[{"name":"wp","href":"https:\/\/api.w.org\/{rel}","templated":true}]}}