{"id":462,"date":"2025-07-19T17:28:33","date_gmt":"2025-07-19T17:28:33","guid":{"rendered":"https:\/\/fralestore.com\/?post_type=product&#038;p=462"},"modified":"2025-07-19T17:28:46","modified_gmt":"2025-07-19T17:28:46","slug":"lapiz-delineador-de-ojos-perfect-duo-oncolour-plum-copper","status":"publish","type":"product","link":"https:\/\/fralestore.com\/index.php\/producto\/lapiz-delineador-de-ojos-perfect-duo-oncolour-plum-copper\/","title":{"rendered":"L\u00c1PIZ DELINEADOR DE OJOS PERFECT DUO ONCOLOUR &#8211; PLUM &#038; COPPER"},"content":{"rendered":"<p>Es f\u00e1cil crear nuevos y fant\u00e1sticos looks de ojos con el L\u00e1piz Delineador de Ojos Perfect Duo OnColour<\/p>\n<p>Cada l\u00e1piz de doble punta viene en una combinaci\u00f3n de tonos de moda y se puede utilizar como un delineador de ojos o difuminado y mezclado para una mirada completa.<\/p>\n<p>Elige m\u00e1s de uno para mezclar y combinar entre tonos brillantes y mates para crear diferentes looks<\/p>\n","protected":false},"excerpt":{"rendered":"<p>Es f\u00e1cil crear nuevos y fant\u00e1sticos looks de ojos con el L\u00e1piz Delineador de Ojos Perfect Duo OnColour<\/p>\n<p>Cada l\u00e1piz de doble punta viene en una combinaci\u00f3n de tonos de moda y se puede utilizar como un delineador de ojos o difuminado y mezclado para una mirada completa.<\/p>\n<p>Elige m\u00e1s de uno para mezclar y combinar entre tonos brillantes y mates para crear diferentes looks<\/p>\n","protected":false},"featured_media":455,"comment_status":"open","ping_status":"closed","template":"","meta":[],"product_brand":[],"product_cat":[44],"product_tag":[],"class_list":{"0":"post-462","1":"product","2":"type-product","3":"status-publish","4":"has-post-thumbnail","6":"product_cat-liquidacion","8":"first","9":"instock","10":"sale","11":"shipping-taxable","12":"purchasable","13":"product-type-simple"},"jetpack_sharing_enabled":true,"_links":{"self":[{"href":"https:\/\/fralestore.com\/index.php\/wp-json\/wp\/v2\/product\/462","targetHints":{"allow":["GET"]}}],"collection":[{"href":"https:\/\/fralestore.com\/index.php\/wp-json\/wp\/v2\/product"}],"about":[{"href":"https:\/\/fralestore.com\/index.php\/wp-json\/wp\/v2\/types\/product"}],"replies":[{"embeddable":true,"href":"https:\/\/fralestore.com\/index.php\/wp-json\/wp\/v2\/comments?post=462"}],"wp:featuredmedia":[{"embeddable":true,"href":"https:\/\/fralestore.com\/index.php\/wp-json\/wp\/v2\/media\/455"}],"wp:attachment":[{"href":"https:\/\/fralestore.com\/index.php\/wp-json\/wp\/v2\/media?parent=462"}],"wp:term":[{"taxonomy":"product_brand","embeddable":true,"href":"https:\/\/fralestore.com\/index.php\/wp-json\/wp\/v2\/product_brand?post=462"},{"taxonomy":"product_cat","embeddable":true,"href":"https:\/\/fralestore.com\/index.php\/wp-json\/wp\/v2\/product_cat?post=462"},{"taxonomy":"product_tag","embeddable":true,"href":"https:\/\/fralestore.com\/index.php\/wp-json\/wp\/v2\/product_tag?post=462"}],"curies":[{"name":"wp","href":"https:\/\/api.w.org\/{rel}","templated":true}]}}