{"id":395,"date":"2025-07-18T20:21:42","date_gmt":"2025-07-18T20:21:42","guid":{"rendered":"https:\/\/fralestore.com\/?post_type=product&#038;p=395"},"modified":"2025-07-18T21:27:29","modified_gmt":"2025-07-18T21:27:29","slug":"base-de-maquillaje-nuez-180-f-studio-look","status":"publish","type":"product","link":"https:\/\/fralestore.com\/index.php\/producto\/base-de-maquillaje-nuez-180-f-studio-look\/","title":{"rendered":"BASE DE MAQUILLAJE NUEZ 180-F STUDIO LOOK"},"content":{"rendered":"<p>La Base de Maquillaje Studio Look renovada te dar\u00e1 la mejor versi\u00f3n de tu piel brindando full cobertura por 24 hrs lo cual te ayudar\u00e1 a cubrir imperfecciones y emparejar el tono de la piel. La base de maquillaje proteger\u00e1 tu piel con FPS20 + UVA y te dar\u00e1 hidrataci\u00f3n gracias a que cuenta con vitamina E, ceras de jojoba y semilla de girasol.<\/p>\n","protected":false},"excerpt":{"rendered":"<p>La Base de Maquillaje Studio Look renovada te dar\u00e1 la mejor versi\u00f3n de tu piel brindando full cobertura por 24 hrs lo cual te ayudar\u00e1 a cubrir imperfecciones y emparejar el tono de la piel. La base de maquillaje proteger\u00e1 tu piel con FPS20 + UVA y te dar\u00e1 hidrataci\u00f3n gracias a que cuenta con vitamina E, ceras de jojoba y semilla de girasol.<\/p>\n","protected":false},"featured_media":373,"comment_status":"open","ping_status":"closed","template":"","meta":[],"product_brand":[],"product_cat":[41,32],"product_tag":[],"class_list":{"0":"post-395","1":"product","2":"type-product","3":"status-publish","4":"has-post-thumbnail","6":"product_cat-skincare","7":"product_cat-perfumeria-y-cosmeticos","9":"first","10":"instock","11":"sale","12":"shipping-taxable","13":"purchasable","14":"product-type-simple"},"jetpack_sharing_enabled":true,"_links":{"self":[{"href":"https:\/\/fralestore.com\/index.php\/wp-json\/wp\/v2\/product\/395","targetHints":{"allow":["GET"]}}],"collection":[{"href":"https:\/\/fralestore.com\/index.php\/wp-json\/wp\/v2\/product"}],"about":[{"href":"https:\/\/fralestore.com\/index.php\/wp-json\/wp\/v2\/types\/product"}],"replies":[{"embeddable":true,"href":"https:\/\/fralestore.com\/index.php\/wp-json\/wp\/v2\/comments?post=395"}],"wp:featuredmedia":[{"embeddable":true,"href":"https:\/\/fralestore.com\/index.php\/wp-json\/wp\/v2\/media\/373"}],"wp:attachment":[{"href":"https:\/\/fralestore.com\/index.php\/wp-json\/wp\/v2\/media?parent=395"}],"wp:term":[{"taxonomy":"product_brand","embeddable":true,"href":"https:\/\/fralestore.com\/index.php\/wp-json\/wp\/v2\/product_brand?post=395"},{"taxonomy":"product_cat","embeddable":true,"href":"https:\/\/fralestore.com\/index.php\/wp-json\/wp\/v2\/product_cat?post=395"},{"taxonomy":"product_tag","embeddable":true,"href":"https:\/\/fralestore.com\/index.php\/wp-json\/wp\/v2\/product_tag?post=395"}],"curies":[{"name":"wp","href":"https:\/\/api.w.org\/{rel}","templated":true}]}}