{"id":386,"date":"2025-07-18T20:10:26","date_gmt":"2025-07-18T20:10:26","guid":{"rendered":"https:\/\/fralestore.com\/?post_type=product&#038;p=386"},"modified":"2025-07-18T21:33:10","modified_gmt":"2025-07-18T21:33:10","slug":"ya-mascara-de-pestanas-a-prueba-de-agua-negro","status":"publish","type":"product","link":"https:\/\/fralestore.com\/index.php\/producto\/ya-mascara-de-pestanas-a-prueba-de-agua-negro\/","title":{"rendered":"YA! M\u00c1SCARA DE PESTA\u00d1AS A PRUEBA DE AGUA NEGRO"},"content":{"rendered":"<p>\u00a1Consigue unas pesta\u00f1as perfectas con nuestra m\u00e1scara 4 en 1! Su f\u00f3rmula te brinda alargamiento, definici\u00f3n, volumen y rizado en un solo producto. Adem\u00e1s, es a prueba de agua y de larga duraci\u00f3n, asegurando que tus pesta\u00f1as se mantengan perfectas por horas sin importar las condiciones.<\/p>\n","protected":false},"excerpt":{"rendered":"<p>\u00a1Consigue unas pesta\u00f1as perfectas con nuestra m\u00e1scara 4 en 1! Su f\u00f3rmula te brinda alargamiento, definici\u00f3n, volumen y rizado en un solo producto. Adem\u00e1s, es a prueba de agua y de larga duraci\u00f3n, asegurando que tus pesta\u00f1as se mantengan perfectas por horas sin importar las condiciones.<\/p>\n","protected":false},"featured_media":383,"comment_status":"open","ping_status":"closed","template":"","meta":[],"product_brand":[],"product_cat":[41,32],"product_tag":[],"class_list":{"0":"post-386","1":"product","2":"type-product","3":"status-publish","4":"has-post-thumbnail","6":"product_cat-skincare","7":"product_cat-perfumeria-y-cosmeticos","9":"first","10":"instock","11":"sale","12":"shipping-taxable","13":"purchasable","14":"product-type-simple"},"jetpack_sharing_enabled":true,"_links":{"self":[{"href":"https:\/\/fralestore.com\/index.php\/wp-json\/wp\/v2\/product\/386","targetHints":{"allow":["GET"]}}],"collection":[{"href":"https:\/\/fralestore.com\/index.php\/wp-json\/wp\/v2\/product"}],"about":[{"href":"https:\/\/fralestore.com\/index.php\/wp-json\/wp\/v2\/types\/product"}],"replies":[{"embeddable":true,"href":"https:\/\/fralestore.com\/index.php\/wp-json\/wp\/v2\/comments?post=386"}],"wp:featuredmedia":[{"embeddable":true,"href":"https:\/\/fralestore.com\/index.php\/wp-json\/wp\/v2\/media\/383"}],"wp:attachment":[{"href":"https:\/\/fralestore.com\/index.php\/wp-json\/wp\/v2\/media?parent=386"}],"wp:term":[{"taxonomy":"product_brand","embeddable":true,"href":"https:\/\/fralestore.com\/index.php\/wp-json\/wp\/v2\/product_brand?post=386"},{"taxonomy":"product_cat","embeddable":true,"href":"https:\/\/fralestore.com\/index.php\/wp-json\/wp\/v2\/product_cat?post=386"},{"taxonomy":"product_tag","embeddable":true,"href":"https:\/\/fralestore.com\/index.php\/wp-json\/wp\/v2\/product_tag?post=386"}],"curies":[{"name":"wp","href":"https:\/\/api.w.org\/{rel}","templated":true}]}}