{"id":385,"date":"2025-07-18T20:07:40","date_gmt":"2025-07-18T20:07:40","guid":{"rendered":"https:\/\/fralestore.com\/?post_type=product&#038;p=385"},"modified":"2025-07-18T21:36:21","modified_gmt":"2025-07-18T21:36:21","slug":"mascara-secret-lash-cyplay-5-8-g","status":"publish","type":"product","link":"https:\/\/fralestore.com\/index.php\/producto\/mascara-secret-lash-cyplay-5-8-g\/","title":{"rendered":"M\u00c1SCARA SECRET LASH CYPLAY, 5.8 G"},"content":{"rendered":"<p>La M\u00e1scara Secret Lash CyPlay te ayudar\u00e1 a definir y fijar tus cejas y pesta\u00f1as con su gel invisible ligero sin causarte grumos y adem\u00e1s, cero pegajoso. Ser\u00e1 el secreto para fijar una mirada natural. \u00a1M\u00e1scara de pesta\u00f1as y cejas invisible 2 en 1!<\/p>\n<p>Con la m\u00e1scara 2 en 1 lograr\u00e1s una definici\u00f3n y control de tus cejas y pesta\u00f1as. Te dejar\u00e1 un acabado natural con su gel invisible ultra ligero. 9\/10 de chicas considera que deja un acabado natural<\/p>\n","protected":false},"excerpt":{"rendered":"[contact-form][contact-field label=\"Nombre\" type=\"name\"  required=\"true\" \/][contact-field label=\"Correo electr\u00f3nico\" type=\"email\" required=\"true\" \/][contact-field label=\"Web\" type=\"url\" \/][contact-field label=\"Mensaje\" type=\"textarea\" \/][\/contact-form]\n<p>La M\u00e1scara Secret Lash CyPlay te ayudar\u00e1 a definir y fijar tus cejas y pesta\u00f1as con su gel invisible ligero sin causarte grumos y adem\u00e1s, cero pegajoso. Ser\u00e1 el secreto para fijar una mirada natural. \u00a1M\u00e1scara de pesta\u00f1as y cejas invisible 2 en 1!<\/p>\n<p>Con la m\u00e1scara 2 en 1 lograr\u00e1s una definici\u00f3n y control de tus cejas y pesta\u00f1as. Te dejar\u00e1 un acabado natural con su gel invisible ultra ligero. 9\/10 de chicas considera que deja un acabado natural<\/p>\n","protected":false},"featured_media":381,"comment_status":"open","ping_status":"closed","template":"","meta":[],"product_brand":[],"product_cat":[41,32],"product_tag":[],"class_list":{"0":"post-385","1":"product","2":"type-product","3":"status-publish","4":"has-post-thumbnail","6":"product_cat-skincare","7":"product_cat-perfumeria-y-cosmeticos","9":"first","10":"instock","11":"sale","12":"shipping-taxable","13":"purchasable","14":"product-type-simple"},"jetpack_sharing_enabled":true,"_links":{"self":[{"href":"https:\/\/fralestore.com\/index.php\/wp-json\/wp\/v2\/product\/385","targetHints":{"allow":["GET"]}}],"collection":[{"href":"https:\/\/fralestore.com\/index.php\/wp-json\/wp\/v2\/product"}],"about":[{"href":"https:\/\/fralestore.com\/index.php\/wp-json\/wp\/v2\/types\/product"}],"replies":[{"embeddable":true,"href":"https:\/\/fralestore.com\/index.php\/wp-json\/wp\/v2\/comments?post=385"}],"wp:featuredmedia":[{"embeddable":true,"href":"https:\/\/fralestore.com\/index.php\/wp-json\/wp\/v2\/media\/381"}],"wp:attachment":[{"href":"https:\/\/fralestore.com\/index.php\/wp-json\/wp\/v2\/media?parent=385"}],"wp:term":[{"taxonomy":"product_brand","embeddable":true,"href":"https:\/\/fralestore.com\/index.php\/wp-json\/wp\/v2\/product_brand?post=385"},{"taxonomy":"product_cat","embeddable":true,"href":"https:\/\/fralestore.com\/index.php\/wp-json\/wp\/v2\/product_cat?post=385"},{"taxonomy":"product_tag","embeddable":true,"href":"https:\/\/fralestore.com\/index.php\/wp-json\/wp\/v2\/product_tag?post=385"}],"curies":[{"name":"wp","href":"https:\/\/api.w.org\/{rel}","templated":true}]}}