{"id":326,"date":"2025-07-17T16:22:58","date_gmt":"2025-07-17T16:22:58","guid":{"rendered":"https:\/\/fralestore.com\/?post_type=product&#038;p=326"},"modified":"2025-07-18T21:42:32","modified_gmt":"2025-07-18T21:42:32","slug":"repuesto-tododia-hidratante-corporal-frambuesa-y-pimienta-rosa","status":"publish","type":"product","link":"https:\/\/fralestore.com\/index.php\/producto\/repuesto-tododia-hidratante-corporal-frambuesa-y-pimienta-rosa\/","title":{"rendered":"REPUESTO TODODIA HIDRATANTE CORPORAL FRAMBUESA Y PIMIENTA ROSA"},"content":{"rendered":"<p>Piel m\u00e1s firme y ultrasuave<\/p>\n<p>Tecnolog\u00eda inteligente, piel profundamente nutrida. Acelera la renovaci\u00f3n celular. Piel saludable e iluminada.<\/p>\n<p><strong>Beneficios:<\/strong><\/p>\n<ul>\n<li>Fragancia frutal leve. Inusual combinaci\u00f3n de frambuesa con pimienta rosa y fondo cremoso de vainilla;<\/li>\n<li>Piel m\u00e1s firme y ultrasuave todos los d\u00edas;<\/li>\n<li>F\u00f3rmula con nutrici\u00f3n prebi\u00f3tica que se adapta a tu piel;<\/li>\n<li>Textura cremosa: f\u00e1cil de aplicar y de r\u00e1pida absorci\u00f3n;<\/li>\n<li>Nutrici\u00f3n profunda: piel saludable en todas sus capas;<\/li>\n<li>94% de ingredientes de origen natural<\/li>\n<li>Mayor afinidad con tu piel.<\/li>\n<\/ul>\n<p><strong>CONTENIDO: 400 ML<\/strong><\/p>\n","protected":false},"excerpt":{"rendered":"<p>Piel m\u00e1s firme y ultrasuave<\/p>\n<p>Tecnolog\u00eda inteligente, piel profundamente nutrida. Acelera la renovaci\u00f3n celular. Piel saludable e iluminada.<\/p>\n<p><strong>Beneficios:<\/strong><\/p>\n<ul>\n<li>Fragancia frutal leve. Inusual combinaci\u00f3n de frambuesa con pimienta rosa y fondo cremoso de vainilla;<\/li>\n<li>Piel m\u00e1s firme y ultrasuave todos los d\u00edas;<\/li>\n<li>F\u00f3rmula con nutrici\u00f3n prebi\u00f3tica que se adapta a tu piel;<\/li>\n<li>Textura cremosa: f\u00e1cil de aplicar y de r\u00e1pida absorci\u00f3n;<\/li>\n<li>Nutrici\u00f3n profunda: piel saludable en todas sus capas;<\/li>\n<li>94% de ingredientes de origen natural<\/li>\n<li>Mayor afinidad con tu piel.<\/li>\n<\/ul>\n<p><strong>CONTENIDO: 400 ML<\/strong><\/p>\n","protected":false},"featured_media":320,"comment_status":"open","ping_status":"closed","template":"","meta":[],"product_brand":[],"product_cat":[41,32],"product_tag":[],"class_list":{"0":"post-326","1":"product","2":"type-product","3":"status-publish","4":"has-post-thumbnail","6":"product_cat-skincare","7":"product_cat-perfumeria-y-cosmeticos","9":"first","10":"instock","11":"sale","12":"shipping-taxable","13":"purchasable","14":"product-type-simple"},"jetpack_sharing_enabled":true,"_links":{"self":[{"href":"https:\/\/fralestore.com\/index.php\/wp-json\/wp\/v2\/product\/326","targetHints":{"allow":["GET"]}}],"collection":[{"href":"https:\/\/fralestore.com\/index.php\/wp-json\/wp\/v2\/product"}],"about":[{"href":"https:\/\/fralestore.com\/index.php\/wp-json\/wp\/v2\/types\/product"}],"replies":[{"embeddable":true,"href":"https:\/\/fralestore.com\/index.php\/wp-json\/wp\/v2\/comments?post=326"}],"wp:featuredmedia":[{"embeddable":true,"href":"https:\/\/fralestore.com\/index.php\/wp-json\/wp\/v2\/media\/320"}],"wp:attachment":[{"href":"https:\/\/fralestore.com\/index.php\/wp-json\/wp\/v2\/media?parent=326"}],"wp:term":[{"taxonomy":"product_brand","embeddable":true,"href":"https:\/\/fralestore.com\/index.php\/wp-json\/wp\/v2\/product_brand?post=326"},{"taxonomy":"product_cat","embeddable":true,"href":"https:\/\/fralestore.com\/index.php\/wp-json\/wp\/v2\/product_cat?post=326"},{"taxonomy":"product_tag","embeddable":true,"href":"https:\/\/fralestore.com\/index.php\/wp-json\/wp\/v2\/product_tag?post=326"}],"curies":[{"name":"wp","href":"https:\/\/api.w.org\/{rel}","templated":true}]}}