{"id":325,"date":"2025-07-17T16:21:25","date_gmt":"2025-07-17T16:21:25","guid":{"rendered":"https:\/\/fralestore.com\/?post_type=product&#038;p=325"},"modified":"2025-07-18T21:43:11","modified_gmt":"2025-07-18T21:43:11","slug":"repuesto-tododia-hidratante-corporal-frutas-rojas","status":"publish","type":"product","link":"https:\/\/fralestore.com\/index.php\/producto\/repuesto-tododia-hidratante-corporal-frutas-rojas\/","title":{"rendered":"REPUESTO TODODIA HIDRATANTE CORPORAL FRUTAS ROJAS"},"content":{"rendered":"<p>Siente tu cuerpo con el Repuesto Crema Nutritiva para<br \/>\nel Cuerpo Tododia Frutas Rojas. F\u00f3rmula inteligente<br \/>\ncon nutrici\u00f3n prebi\u00f3tica que se adapta a las necesidades<br \/>\ndiarias de tu piel. Tododia es d\u00eda de sentirte bien con las<br \/>\ncremas corporales de Natura Tododia. Tododia es d\u00eda para ti.<\/p>\n<p><strong>Beneficios<\/strong><\/p>\n<ul>\n<li>Fragancia alegre y vibrante con notas frutales;<\/li>\n<li>Piel m\u00e1s firme y ultra suave todos los d\u00edas;<\/li>\n<li>F\u00f3rmula con nutrici\u00f3n prebi\u00f3tica que se adapta a tu piel;<\/li>\n<li>Textura cremosa: f\u00e1cil de aplicar y de r\u00e1pida absorci\u00f3n;<\/li>\n<li>Nutrici\u00f3n profunda: piel saludable en todas sus capas;<\/li>\n<li>94% de ingredientes de origen natural: mayor afinidad con tu piel;<\/li>\n<li>86% menos pl\u00e1stico que el envase regular.<\/li>\n<\/ul>\n<p><strong>CONTENIDO: 400 ML<\/strong><\/p>\n","protected":false},"excerpt":{"rendered":"<p>Siente tu cuerpo con el Repuesto Crema Nutritiva para<br \/>\nel Cuerpo Tododia Frutas Rojas. F\u00f3rmula inteligente<br \/>\ncon nutrici\u00f3n prebi\u00f3tica que se adapta a las necesidades<br \/>\ndiarias de tu piel. Tododia es d\u00eda de sentirte bien con las<br \/>\ncremas corporales de Natura Tododia. Tododia es d\u00eda para ti.<\/p>\n<p><strong>Beneficios<\/strong><\/p>\n<ul>\n<li>Fragancia alegre y vibrante con notas frutales;<\/li>\n<li>Piel m\u00e1s firme y ultra suave todos los d\u00edas;<\/li>\n<li>F\u00f3rmula con nutrici\u00f3n prebi\u00f3tica que se adapta a tu piel;<\/li>\n<li>Textura cremosa: f\u00e1cil de aplicar y de r\u00e1pida absorci\u00f3n;<\/li>\n<li>Nutrici\u00f3n profunda: piel saludable en todas sus capas;<\/li>\n<li>94% de ingredientes de origen natural: mayor afinidad con tu piel;<\/li>\n<li>86% menos pl\u00e1stico que el envase regular.<\/li>\n<\/ul>\n<p><strong>CONTENIDO: 400 ML<\/strong><\/p>\n","protected":false},"featured_media":321,"comment_status":"open","ping_status":"closed","template":"","meta":[],"product_brand":[],"product_cat":[41,32],"product_tag":[],"class_list":{"0":"post-325","1":"product","2":"type-product","3":"status-publish","4":"has-post-thumbnail","6":"product_cat-skincare","7":"product_cat-perfumeria-y-cosmeticos","9":"first","10":"instock","11":"sale","12":"shipping-taxable","13":"purchasable","14":"product-type-simple"},"jetpack_sharing_enabled":true,"_links":{"self":[{"href":"https:\/\/fralestore.com\/index.php\/wp-json\/wp\/v2\/product\/325","targetHints":{"allow":["GET"]}}],"collection":[{"href":"https:\/\/fralestore.com\/index.php\/wp-json\/wp\/v2\/product"}],"about":[{"href":"https:\/\/fralestore.com\/index.php\/wp-json\/wp\/v2\/types\/product"}],"replies":[{"embeddable":true,"href":"https:\/\/fralestore.com\/index.php\/wp-json\/wp\/v2\/comments?post=325"}],"wp:featuredmedia":[{"embeddable":true,"href":"https:\/\/fralestore.com\/index.php\/wp-json\/wp\/v2\/media\/321"}],"wp:attachment":[{"href":"https:\/\/fralestore.com\/index.php\/wp-json\/wp\/v2\/media?parent=325"}],"wp:term":[{"taxonomy":"product_brand","embeddable":true,"href":"https:\/\/fralestore.com\/index.php\/wp-json\/wp\/v2\/product_brand?post=325"},{"taxonomy":"product_cat","embeddable":true,"href":"https:\/\/fralestore.com\/index.php\/wp-json\/wp\/v2\/product_cat?post=325"},{"taxonomy":"product_tag","embeddable":true,"href":"https:\/\/fralestore.com\/index.php\/wp-json\/wp\/v2\/product_tag?post=325"}],"curies":[{"name":"wp","href":"https:\/\/api.w.org\/{rel}","templated":true}]}}