{"id":310,"date":"2025-07-17T16:05:43","date_gmt":"2025-07-17T16:05:43","guid":{"rendered":"https:\/\/fralestore.com\/?post_type=product&#038;p=310"},"modified":"2025-07-18T21:56:14","modified_gmt":"2025-07-18T21:56:14","slug":"crema-aclarante-50g-totalist","status":"publish","type":"product","link":"https:\/\/fralestore.com\/index.php\/producto\/crema-aclarante-50g-totalist\/","title":{"rendered":"CREMA ACLARANTE  50G TOTALIST"},"content":{"rendered":"<p>Totalist Aclarante combina concha de n\u00e1car con vitamina B3 para brindarte una acci\u00f3n aclarante integral: aclara manchas oscuras mientras unifica el tono natural de la piel dando una apariencia m\u00e1s luminosa y radiante.<\/p>\n","protected":false},"excerpt":{"rendered":"<p>Totalist Aclarante combina concha de n\u00e1car con vitamina B3 para brindarte una acci\u00f3n aclarante integral: aclara manchas oscuras mientras unifica el tono natural de la piel dando una apariencia m\u00e1s luminosa y radiante.<\/p>\n","protected":false},"featured_media":305,"comment_status":"open","ping_status":"closed","template":"","meta":[],"product_brand":[],"product_cat":[41,32],"product_tag":[],"class_list":{"0":"post-310","1":"product","2":"type-product","3":"status-publish","4":"has-post-thumbnail","6":"product_cat-skincare","7":"product_cat-perfumeria-y-cosmeticos","9":"first","10":"instock","11":"sale","12":"shipping-taxable","13":"purchasable","14":"product-type-simple"},"jetpack_sharing_enabled":true,"_links":{"self":[{"href":"https:\/\/fralestore.com\/index.php\/wp-json\/wp\/v2\/product\/310","targetHints":{"allow":["GET"]}}],"collection":[{"href":"https:\/\/fralestore.com\/index.php\/wp-json\/wp\/v2\/product"}],"about":[{"href":"https:\/\/fralestore.com\/index.php\/wp-json\/wp\/v2\/types\/product"}],"replies":[{"embeddable":true,"href":"https:\/\/fralestore.com\/index.php\/wp-json\/wp\/v2\/comments?post=310"}],"wp:featuredmedia":[{"embeddable":true,"href":"https:\/\/fralestore.com\/index.php\/wp-json\/wp\/v2\/media\/305"}],"wp:attachment":[{"href":"https:\/\/fralestore.com\/index.php\/wp-json\/wp\/v2\/media?parent=310"}],"wp:term":[{"taxonomy":"product_brand","embeddable":true,"href":"https:\/\/fralestore.com\/index.php\/wp-json\/wp\/v2\/product_brand?post=310"},{"taxonomy":"product_cat","embeddable":true,"href":"https:\/\/fralestore.com\/index.php\/wp-json\/wp\/v2\/product_cat?post=310"},{"taxonomy":"product_tag","embeddable":true,"href":"https:\/\/fralestore.com\/index.php\/wp-json\/wp\/v2\/product_tag?post=310"}],"curies":[{"name":"wp","href":"https:\/\/api.w.org\/{rel}","templated":true}]}}