{"id":253,"date":"2025-07-16T15:34:10","date_gmt":"2025-07-16T15:34:10","guid":{"rendered":"https:\/\/fralestore.com\/?post_type=product&#038;p=253"},"modified":"2025-07-18T21:57:42","modified_gmt":"2025-07-18T21:57:42","slug":"crema-nutritiva-100g-totalist","status":"publish","type":"product","link":"https:\/\/fralestore.com\/index.php\/producto\/crema-nutritiva-100g-totalist\/","title":{"rendered":"CREMA NUTRITIVA 100G TOTALIST"},"content":{"rendered":"<p>Totalist Ultra-Hidratante combina aceite de aguacate con \u00e1cido hialur\u00f3nico para una acci\u00f3n ultrahidratante total: brinda hasta 24 horas de hidrataci\u00f3n intensa y prolongada, nutre y revitaliza la piel.<\/p>\n","protected":false},"excerpt":{"rendered":"<p>Totalist Ultra-Hidratante combina aceite de aguacate con \u00e1cido hialur\u00f3nico para una acci\u00f3n ultrahidratante total: brinda hasta 24 horas de hidrataci\u00f3n intensa y prolongada, nutre y revitaliza la piel.<\/p>\n","protected":false},"featured_media":246,"comment_status":"open","ping_status":"closed","template":"","meta":[],"product_brand":[],"product_cat":[41,32],"product_tag":[],"class_list":{"0":"post-253","1":"product","2":"type-product","3":"status-publish","4":"has-post-thumbnail","6":"product_cat-skincare","7":"product_cat-perfumeria-y-cosmeticos","9":"first","10":"instock","11":"sale","12":"shipping-taxable","13":"purchasable","14":"product-type-simple"},"jetpack_sharing_enabled":true,"_links":{"self":[{"href":"https:\/\/fralestore.com\/index.php\/wp-json\/wp\/v2\/product\/253","targetHints":{"allow":["GET"]}}],"collection":[{"href":"https:\/\/fralestore.com\/index.php\/wp-json\/wp\/v2\/product"}],"about":[{"href":"https:\/\/fralestore.com\/index.php\/wp-json\/wp\/v2\/types\/product"}],"replies":[{"embeddable":true,"href":"https:\/\/fralestore.com\/index.php\/wp-json\/wp\/v2\/comments?post=253"}],"wp:featuredmedia":[{"embeddable":true,"href":"https:\/\/fralestore.com\/index.php\/wp-json\/wp\/v2\/media\/246"}],"wp:attachment":[{"href":"https:\/\/fralestore.com\/index.php\/wp-json\/wp\/v2\/media?parent=253"}],"wp:term":[{"taxonomy":"product_brand","embeddable":true,"href":"https:\/\/fralestore.com\/index.php\/wp-json\/wp\/v2\/product_brand?post=253"},{"taxonomy":"product_cat","embeddable":true,"href":"https:\/\/fralestore.com\/index.php\/wp-json\/wp\/v2\/product_cat?post=253"},{"taxonomy":"product_tag","embeddable":true,"href":"https:\/\/fralestore.com\/index.php\/wp-json\/wp\/v2\/product_tag?post=253"}],"curies":[{"name":"wp","href":"https:\/\/api.w.org\/{rel}","templated":true}]}}