{"id":240,"date":"2025-07-16T15:31:48","date_gmt":"2025-07-16T15:31:48","guid":{"rendered":"https:\/\/fralestore.com\/?post_type=product&#038;p=240"},"modified":"2025-07-18T21:58:33","modified_gmt":"2025-07-18T21:58:33","slug":"gel-ultra-hidratante-con-acido-hialuronico-aqua-fix","status":"publish","type":"product","link":"https:\/\/fralestore.com\/index.php\/producto\/gel-ultra-hidratante-con-acido-hialuronico-aqua-fix\/","title":{"rendered":"GEL ULTRA HIDRATANTE CON \u00c1CIDO HIALUR\u00d3NICO AQUA FIX"},"content":{"rendered":"<p>Un hidratante en forma de gel con efecto &#8220;plump&#8221; que dejar\u00e1 tu piel con una apariencia m\u00e1s rellena, lisa, suave y luminosa. Hidrata hasta por 72 horas y minimiza la p\u00e9rdida de agua en la piel, ayudando a mantener su apariencia saludable. \u00a1Una sensaci\u00f3n de frescura desde la aplicaci\u00f3n!<\/p>\n<p><strong>MODO DE USO<\/strong><\/p>\n<p>\u00dasalo de d\u00eda o de noche, luego de limpiar tu piel. Apl\u00edcalo en todo el rostro y cuello con suaves masajes. Luego podr\u00e1s seguir con tu rutina de tratamiento y\/o con tu maquillaje.<\/p>\n","protected":false},"excerpt":{"rendered":"<p>Un hidratante en forma de gel con efecto &#8220;plump&#8221; que dejar\u00e1 tu piel con una apariencia m\u00e1s rellena, lisa, suave y luminosa. Hidrata hasta por 72 horas y minimiza la p\u00e9rdida de agua en la piel, ayudando a mantener su apariencia saludable. \u00a1Una sensaci\u00f3n de frescura desde la aplicaci\u00f3n!<\/p>\n<p><strong>MODO DE USO<\/strong><\/p>\n<p>\u00dasalo de d\u00eda o de noche, luego de limpiar tu piel. Apl\u00edcalo en todo el rostro y cuello con suaves masajes. Luego podr\u00e1s seguir con tu rutina de tratamiento y\/o con tu maquillaje.<\/p>\n","protected":false},"featured_media":265,"comment_status":"open","ping_status":"closed","template":"","meta":[],"product_brand":[],"product_cat":[41,32],"product_tag":[],"class_list":{"0":"post-240","1":"product","2":"type-product","3":"status-publish","4":"has-post-thumbnail","6":"product_cat-skincare","7":"product_cat-perfumeria-y-cosmeticos","9":"first","10":"instock","11":"sale","12":"shipping-taxable","13":"purchasable","14":"product-type-simple"},"jetpack_sharing_enabled":true,"_links":{"self":[{"href":"https:\/\/fralestore.com\/index.php\/wp-json\/wp\/v2\/product\/240","targetHints":{"allow":["GET"]}}],"collection":[{"href":"https:\/\/fralestore.com\/index.php\/wp-json\/wp\/v2\/product"}],"about":[{"href":"https:\/\/fralestore.com\/index.php\/wp-json\/wp\/v2\/types\/product"}],"replies":[{"embeddable":true,"href":"https:\/\/fralestore.com\/index.php\/wp-json\/wp\/v2\/comments?post=240"}],"wp:featuredmedia":[{"embeddable":true,"href":"https:\/\/fralestore.com\/index.php\/wp-json\/wp\/v2\/media\/265"}],"wp:attachment":[{"href":"https:\/\/fralestore.com\/index.php\/wp-json\/wp\/v2\/media?parent=240"}],"wp:term":[{"taxonomy":"product_brand","embeddable":true,"href":"https:\/\/fralestore.com\/index.php\/wp-json\/wp\/v2\/product_brand?post=240"},{"taxonomy":"product_cat","embeddable":true,"href":"https:\/\/fralestore.com\/index.php\/wp-json\/wp\/v2\/product_cat?post=240"},{"taxonomy":"product_tag","embeddable":true,"href":"https:\/\/fralestore.com\/index.php\/wp-json\/wp\/v2\/product_tag?post=240"}],"curies":[{"name":"wp","href":"https:\/\/api.w.org\/{rel}","templated":true}]}}