{"id":235,"date":"2025-07-16T15:20:21","date_gmt":"2025-07-16T15:20:21","guid":{"rendered":"https:\/\/fralestore.com\/?post_type=product&#038;p=235"},"modified":"2025-07-18T22:01:21","modified_gmt":"2025-07-18T22:01:21","slug":"colonia-aires-de-los-andes","status":"publish","type":"product","link":"https:\/\/fralestore.com\/index.php\/producto\/colonia-aires-de-los-andes\/","title":{"rendered":"COLONIA AIRES DE LOS ANDES"},"content":{"rendered":"<p>Una colonia para mujer con aroma floral verde. Toda la suavidad de las flores de p\u00e1ramo y el aire fr\u00edo de las monta\u00f1as m\u00e1s altas de los Andes.<\/p>\n<p><strong>Inspiraci\u00f3n:\u00a0<\/strong>La gran coordillera de los Andes, su impacto y su magia floral.<\/p>\n","protected":false},"excerpt":{"rendered":"<p>Una colonia para mujer con aroma floral verde. Toda la suavidad de las flores de p\u00e1ramo y el aire fr\u00edo de las monta\u00f1as m\u00e1s altas de los Andes.<\/p>\n<p><strong>Inspiraci\u00f3n:\u00a0<\/strong>La gran coordillera de los Andes, su impacto y su magia floral.<\/p>\n","protected":false},"featured_media":218,"comment_status":"open","ping_status":"closed","template":"","meta":[],"product_brand":[],"product_cat":[42,40,32],"product_tag":[],"class_list":{"0":"post-235","1":"product","2":"type-product","3":"status-publish","4":"has-post-thumbnail","6":"product_cat-damas-perfumes","7":"product_cat-perfumes","8":"product_cat-perfumeria-y-cosmeticos","10":"first","11":"instock","12":"sale","13":"shipping-taxable","14":"purchasable","15":"product-type-simple"},"jetpack_sharing_enabled":true,"_links":{"self":[{"href":"https:\/\/fralestore.com\/index.php\/wp-json\/wp\/v2\/product\/235","targetHints":{"allow":["GET"]}}],"collection":[{"href":"https:\/\/fralestore.com\/index.php\/wp-json\/wp\/v2\/product"}],"about":[{"href":"https:\/\/fralestore.com\/index.php\/wp-json\/wp\/v2\/types\/product"}],"replies":[{"embeddable":true,"href":"https:\/\/fralestore.com\/index.php\/wp-json\/wp\/v2\/comments?post=235"}],"wp:featuredmedia":[{"embeddable":true,"href":"https:\/\/fralestore.com\/index.php\/wp-json\/wp\/v2\/media\/218"}],"wp:attachment":[{"href":"https:\/\/fralestore.com\/index.php\/wp-json\/wp\/v2\/media?parent=235"}],"wp:term":[{"taxonomy":"product_brand","embeddable":true,"href":"https:\/\/fralestore.com\/index.php\/wp-json\/wp\/v2\/product_brand?post=235"},{"taxonomy":"product_cat","embeddable":true,"href":"https:\/\/fralestore.com\/index.php\/wp-json\/wp\/v2\/product_cat?post=235"},{"taxonomy":"product_tag","embeddable":true,"href":"https:\/\/fralestore.com\/index.php\/wp-json\/wp\/v2\/product_tag?post=235"}],"curies":[{"name":"wp","href":"https:\/\/api.w.org\/{rel}","templated":true}]}}