{"id":164,"date":"2025-07-14T22:36:00","date_gmt":"2025-07-14T22:36:00","guid":{"rendered":"https:\/\/fralestore.com\/?post_type=product&#038;p=164"},"modified":"2025-07-18T22:08:30","modified_gmt":"2025-07-18T22:08:30","slug":"colonia-femenina-aguas","status":"publish","type":"product","link":"https:\/\/fralestore.com\/index.php\/producto\/colonia-femenina-aguas\/","title":{"rendered":"Colonia Femenina Aguas"},"content":{"rendered":"<p>D\u00e9jate fluir con las Aguas de Natura y si\u00e9ntete renovada<\/p>\n<p>Natura \u00c1guas es una invitaci\u00f3n a vivir de forma espont\u00e1nea y fluida con el mundo. Son aguas que renuevan, que refrescan el alma, que deleitan al cuerpo con ingredientes de una naturaleza generosa.<\/p>\n<p>Camino olfativo: Frutal. moderado, bergamota, leche de coco, granada, vainilla<\/p>\n","protected":false},"excerpt":{"rendered":"<p>D\u00e9jate fluir con las Aguas de Natura y si\u00e9ntete renovada<\/p>\n<p>Natura \u00c1guas es una invitaci\u00f3n a vivir de forma espont\u00e1nea y fluida con el mundo. Son aguas que renuevan, que refrescan el alma, que deleitan al cuerpo con ingredientes de una naturaleza generosa.<\/p>\n<p>Camino olfativo: Frutal. moderado, bergamota, leche de coco, granada, vainilla<\/p>\n","protected":false},"featured_media":157,"comment_status":"open","ping_status":"closed","template":"","meta":[],"product_brand":[],"product_cat":[42,40,32],"product_tag":[],"class_list":{"0":"post-164","1":"product","2":"type-product","3":"status-publish","4":"has-post-thumbnail","6":"product_cat-damas-perfumes","7":"product_cat-perfumes","8":"product_cat-perfumeria-y-cosmeticos","10":"first","11":"instock","12":"sale","13":"shipping-taxable","14":"purchasable","15":"product-type-simple"},"jetpack_sharing_enabled":true,"_links":{"self":[{"href":"https:\/\/fralestore.com\/index.php\/wp-json\/wp\/v2\/product\/164","targetHints":{"allow":["GET"]}}],"collection":[{"href":"https:\/\/fralestore.com\/index.php\/wp-json\/wp\/v2\/product"}],"about":[{"href":"https:\/\/fralestore.com\/index.php\/wp-json\/wp\/v2\/types\/product"}],"replies":[{"embeddable":true,"href":"https:\/\/fralestore.com\/index.php\/wp-json\/wp\/v2\/comments?post=164"}],"wp:featuredmedia":[{"embeddable":true,"href":"https:\/\/fralestore.com\/index.php\/wp-json\/wp\/v2\/media\/157"}],"wp:attachment":[{"href":"https:\/\/fralestore.com\/index.php\/wp-json\/wp\/v2\/media?parent=164"}],"wp:term":[{"taxonomy":"product_brand","embeddable":true,"href":"https:\/\/fralestore.com\/index.php\/wp-json\/wp\/v2\/product_brand?post=164"},{"taxonomy":"product_cat","embeddable":true,"href":"https:\/\/fralestore.com\/index.php\/wp-json\/wp\/v2\/product_cat?post=164"},{"taxonomy":"product_tag","embeddable":true,"href":"https:\/\/fralestore.com\/index.php\/wp-json\/wp\/v2\/product_tag?post=164"}],"curies":[{"name":"wp","href":"https:\/\/api.w.org\/{rel}","templated":true}]}}