{"id":152,"date":"2025-07-12T17:26:31","date_gmt":"2025-07-12T17:26:31","guid":{"rendered":"https:\/\/fralestore.com\/?post_type=product&#038;p=152"},"modified":"2025-07-18T22:10:32","modified_gmt":"2025-07-18T22:10:32","slug":"kaiak-02","status":"publish","type":"product","link":"https:\/\/fralestore.com\/index.php\/producto\/kaiak-02\/","title":{"rendered":"Kaiak 02"},"content":{"rendered":"<p>de Natura es una fragancia de la familia olfativa C\u00edtrica Arom\u00e1tica para Hombres<\/p>\n<p>Las Notas de Salida son lim\u00f3n (lima \u00e1cida), notas acuosas, lavanda, toronja (pomelo), menta, manzana, enebro de Virginia, jengibre, pimienta negra, cardamomo, pimienta y Priprioca; las Notas de Coraz\u00f3n son pino, geranio, cedro y violeta; las Notas de Fondo son musgo, pachul\u00ed, vetiver, s\u00e1ndalo y \u00e1mbar.<\/p>\n","protected":false},"excerpt":{"rendered":"<p>Es una fragancia de la familia olfativa C\u00edtrica Arom\u00e1tica para Hombres<\/p>\n","protected":false},"featured_media":146,"comment_status":"open","ping_status":"closed","template":"","meta":[],"product_brand":[],"product_cat":[40,43,32],"product_tag":[],"class_list":{"0":"post-152","1":"product","2":"type-product","3":"status-publish","4":"has-post-thumbnail","6":"product_cat-perfumes","7":"product_cat-varon-perfumes","8":"product_cat-perfumeria-y-cosmeticos","10":"first","11":"instock","12":"sale","13":"shipping-taxable","14":"purchasable","15":"product-type-simple"},"jetpack_sharing_enabled":true,"_links":{"self":[{"href":"https:\/\/fralestore.com\/index.php\/wp-json\/wp\/v2\/product\/152","targetHints":{"allow":["GET"]}}],"collection":[{"href":"https:\/\/fralestore.com\/index.php\/wp-json\/wp\/v2\/product"}],"about":[{"href":"https:\/\/fralestore.com\/index.php\/wp-json\/wp\/v2\/types\/product"}],"replies":[{"embeddable":true,"href":"https:\/\/fralestore.com\/index.php\/wp-json\/wp\/v2\/comments?post=152"}],"wp:featuredmedia":[{"embeddable":true,"href":"https:\/\/fralestore.com\/index.php\/wp-json\/wp\/v2\/media\/146"}],"wp:attachment":[{"href":"https:\/\/fralestore.com\/index.php\/wp-json\/wp\/v2\/media?parent=152"}],"wp:term":[{"taxonomy":"product_brand","embeddable":true,"href":"https:\/\/fralestore.com\/index.php\/wp-json\/wp\/v2\/product_brand?post=152"},{"taxonomy":"product_cat","embeddable":true,"href":"https:\/\/fralestore.com\/index.php\/wp-json\/wp\/v2\/product_cat?post=152"},{"taxonomy":"product_tag","embeddable":true,"href":"https:\/\/fralestore.com\/index.php\/wp-json\/wp\/v2\/product_tag?post=152"}],"curies":[{"name":"wp","href":"https:\/\/api.w.org\/{rel}","templated":true}]}}