{"id":438,"date":"2025-07-19T15:38:16","date_gmt":"2025-07-19T15:38:16","guid":{"rendered":"https:\/\/fralestore.com\/?page_id=438"},"modified":"2025-10-27T23:20:00","modified_gmt":"2025-10-27T23:20:00","slug":"amazon","status":"publish","type":"page","link":"https:\/\/fralestore.com\/index.php\/amazon\/","title":{"rendered":"liquidaci\u00f3n"},"content":{"rendered":"\n<p data-block-type=\"core\"><highlight style=\"border-radius: 3px; background: rgb(255, 226, 63);\"><\/highlight><\/p>\n\n\n\n<p data-block-type=\"core\"><highlight style=\"border-radius: 3px; background: rgb(255, 226, 63);\"><\/highlight><\/p>\n\n\n\n<details class=\"wp-block-stackable-accordion stk-block-accordion stk-inner-blocks stk-block-content stk-block stk-ca6dc15 is-style-default\" data-block-id=\"ca6dc15\">\n<summary class=\"wp-block-stackable-column stk-block-column stk-column stk-block stk-9aec711 stk--container-small stk-block-accordion__heading\" data-v=\"4\" data-block-id=\"9aec711\"><div class=\"stk-column-wrapper stk-block-column__content stk-container stk-9aec711-container stk-hover-parent\"><div class=\"stk-block-content stk-inner-blocks stk-9aec711-inner-blocks\">\n<div class=\"wp-block-stackable-icon-label stk-block-icon-label stk-block stk-5a7c5fd\" data-block-id=\"5a7c5fd\"><div class=\"stk-row stk-inner-blocks stk-block-content\">\n<div class=\"wp-block-stackable-heading stk-block-heading stk-block-heading--v2 stk-block stk-a3a2741\" id=\"este-es-un-informe\" data-block-id=\"a3a2741\"><h4 class=\"stk-block-heading__text\">Este es un Informe<\/h4><\/div>\n\n\n\n<div class=\"wp-block-stackable-icon stk-block-icon stk-block stk-9812554\" data-block-id=\"9812554\"><span class=\"stk--svg-wrapper\"><div class=\"stk--inner-svg\"><svg style=\"height:0;width:0\"><defs><linearGradient id=\"linear-gradient-9812554\" x1=\"0\" x2=\"100%\" y1=\"0\" y2=\"0\"><stop offset=\"0%\" style=\"stop-opacity:1;stop-color:var(--linear-gradient-9812554-color-1)\"><\/stop><stop offset=\"100%\" style=\"stop-opacity:1;stop-color:var(--linear-gradient-9812554-color-2)\"><\/stop><\/linearGradient><\/defs><\/svg><svg data-prefix=\"fas\" data-icon=\"chevron-down\" class=\"svg-inline--fa fa-chevron-down fa-w-14\" xmlns=\"http:\/\/www.w3.org\/2000\/svg\" viewBox=\"0 0 448 512\" aria-hidden=\"true\" width=\"32\" height=\"32\"><path fill=\"currentColor\" d=\"M207.029 381.476L12.686 187.132c-9.373-9.373-9.373-24.569 0-33.941l22.667-22.667c9.357-9.357 24.522-9.375 33.901-.04L224 284.505l154.745-154.021c9.379-9.335 24.544-9.317 33.901.04l22.667 22.667c9.373 9.373 9.373 24.569 0 33.941L240.971 381.476c-9.373 9.372-24.569 9.372-33.942 0z\"><\/path><\/svg><\/div><\/span><\/div>\n<\/div><\/div>\n<\/div><\/div><\/summary>\n\n\n\n<div class=\"wp-block-stackable-column stk-block-column stk-column stk-block stk-933409a stk-block-accordion__content\" data-v=\"4\" data-block-id=\"933409a\"><div class=\"stk-column-wrapper stk-block-column__content stk-container stk-933409a-container stk--no-background stk--no-padding\"><div class=\"stk-block-content stk-inner-blocks stk-933409a-inner-blocks\"><\/div><\/div><\/div>\n<\/details>\n\n\n\n<details class=\"wp-block-stackable-accordion stk-block-accordion stk-inner-blocks stk-block-content stk-block stk-0d03745 is-style-plain\" data-block-id=\"0d03745\"><style>.stk-0d03745 {border-style:solid !important;border-color:#dfdad1 !important;border-top-width:0px !important;border-right-width:0px !important;border-bottom-width:1px !important;border-left-width:0px !important;padding-bottom:24px !important;}<\/style>\n<summary class=\"wp-block-stackable-column stk-block-column stk-column stk-block stk-efca8c9 stk--container-small stk-block-accordion__heading\" data-v=\"4\" data-block-id=\"efca8c9\"><div class=\"stk-column-wrapper stk-block-column__content stk-container stk-efca8c9-container stk-hover-parent\"><div class=\"stk-block-content stk-inner-blocks stk-efca8c9-inner-blocks\"><\/div><\/div><\/summary>\n\n\n\n<div class=\"wp-block-stackable-column stk-block-column stk-column stk-block stk-ab434a8 stk-block-accordion__content\" data-v=\"4\" data-block-id=\"ab434a8\"><div class=\"stk-column-wrapper stk-block-column__content stk-container stk-ab434a8-container stk--no-background stk--no-padding\"><div class=\"stk-block-content stk-inner-blocks stk-ab434a8-inner-blocks\">\n<div class=\"wp-block-stackable-text stk-block-text stk-block stk-01ef74f\" data-block-id=\"01ef74f\"><p class=\"stk-block-text__text\">Descripci\u00f3n de este bloque. Utiliza este espacio para describir tu bloque. Cualquier texto es v\u00e1lido. Descripci\u00f3n de este bloque. Puedes utilizar este espacio para describir tu bloque.<\/p><\/div>\n<\/div><\/div><\/div>\n<\/details>\n\n\n\n<div class=\"wp-block-columns is-layout-flex wp-container-core-columns-is-layout-28f84493 wp-block-columns-is-layout-flex\" data-block-type=\"core\">\n<div class=\"wp-block-column is-vertically-aligned-center is-layout-flow wp-block-column-is-layout-flow\" style=\"flex-basis:100%\" data-block-type=\"core\">\n<div class=\"wp-block-columns is-layout-flex wp-container-core-columns-is-layout-28f84493 wp-block-columns-is-layout-flex\" data-block-type=\"core\">\n<div class=\"wp-block-column is-layout-flow wp-block-column-is-layout-flow\" style=\"flex-basis:100%\" data-block-type=\"core\"><\/div>\n<\/div>\n<\/div>\n<\/div>\n\n\n\n<p data-block-type=\"core\"><\/p>\n\n\n\n<div class=\"wp-block-stackable-columns alignfull stk-block-columns stk-block stk-9119337\" data-block-id=\"9119337\"><style>.stk-9119337 {margin-top:var(--stk--preset--spacing--70, 3.38rem) !important;margin-bottom:var(--stk--preset--spacing--70, 3.38rem) !important;}<\/style><div class=\"stk-row stk-inner-blocks stk-block-content stk-content-align stk-9119337-column alignwide\">\n<div class=\"wp-block-stackable-column stk-block-column stk-column stk-block stk-6d29a9e\" data-v=\"4\" data-block-id=\"6d29a9e\"><div class=\"stk-column-wrapper stk-block-column__content stk-container stk-6d29a9e-container stk--no-background stk--no-padding\"><div class=\"stk-block-content stk-inner-blocks stk-6d29a9e-inner-blocks\">\n<div class=\"wp-block-stackable-heading stk-block-heading stk-block-heading--v2 stk-block stk-afde4cf\" id=\"heading-placeholder\" data-block-id=\"afde4cf\"><style>.stk-afde4cf .stk-block-heading__bottom-line{height:2px !important;margin-top:21px !important;margin-left:auto !important;margin-right:auto !important;}.stk-afde4cf {margin-bottom:nullpx !important;}<\/style><h2 class=\"stk-block-heading__text has-text-align-center\">EN LIQUIDACI\u00d3N<\/h2><div class=\"stk-block-heading__bottom-line\"><\/div><\/div>\n\n\n\n<div class=\"wp-block-stackable-carousel alignwide stk-block-carousel stk--is-slide stk--arrows-justify-space-between stk--arrows-align-center stk-block stk-31bb6f3\" data-slides-to-show=\"4\" data-block-id=\"31bb6f3\"><style>.stk-31bb6f3 {--slides-to-show:4 !important;--gap:11px !important;}@media screen and (max-width:689px){.stk-31bb6f3 {--slides-to-show:1 !important;}}<\/style><div class=\"stk-block-carousel__content-wrapper\"><div class=\"stk-row stk-inner-blocks stk-block-content stk-block-carousel__slider-wrapper stk-content-align stk-31bb6f3-column alignwide\"><div class=\"stk-block-carousel__slider\" role=\"list\" data-autoplay=\"2300\" data-label-slide-of=\"Slide %%d of %%d\">\n<div class=\"wp-block-stackable-column stk-block-column stk-column stk-block stk-e2c78d5\" data-v=\"4\" data-block-id=\"e2c78d5\"><div class=\"stk-column-wrapper stk-block-column__content stk-container stk-e2c78d5-container stk-hover-parent\"><div class=\"stk-block-content stk-inner-blocks stk-e2c78d5-inner-blocks\">\n<div class=\"wp-block-stackable-image stk-block-image stk-block stk-2c9f657\" data-block-id=\"2c9f657\"><style>.stk-2c9f657 .stk-img-wrapper{width:200px !important;}<\/style><figure><span class=\"stk-img-wrapper stk-image--shape-stretch\"><img loading=\"lazy\" decoding=\"async\" class=\"stk-img wp-image-584\" src=\"https:\/\/fralestore.com\/wp-content\/uploads\/2025\/08\/yambal-2.png\" width=\"225\" height=\"225\" srcset=\"https:\/\/fralestore.com\/wp-content\/uploads\/2025\/08\/yambal-2.png 225w, https:\/\/fralestore.com\/wp-content\/uploads\/2025\/08\/yambal-2-150x150.png 150w, https:\/\/fralestore.com\/wp-content\/uploads\/2025\/08\/yambal-2-100x100.png 100w\" sizes=\"auto, (max-width: 225px) 100vw, 225px\" \/><\/span><\/figure><\/div>\n\n\n\n<div class=\"wp-block-stackable-heading stk-block-heading stk-block-heading--v2 stk-block stk-7ec1502\" id=\"title-1-placeholder\" data-block-id=\"7ec1502\"><style>.stk-7ec1502 .stk-block-heading__text{font-weight:bold !important;}<\/style><h3 class=\"stk-block-heading__text has-text-align-center\"><\/h3><\/div>\n<\/div><\/div><\/div>\n\n\n\n<div class=\"wp-block-stackable-column stk-block-column stk-column stk-block stk-9a02dd7\" data-v=\"4\" data-block-id=\"9a02dd7\"><div class=\"stk-column-wrapper stk-block-column__content stk-container stk-9a02dd7-container stk-hover-parent\"><div class=\"stk-block-content stk-inner-blocks stk-9a02dd7-inner-blocks\">\n<div class=\"wp-block-stackable-image stk-block-image stk-block stk-6a70ac7\" data-block-id=\"6a70ac7\"><style>.stk-6a70ac7 .stk-img-wrapper{width:200px !important;}<\/style><figure><span class=\"stk-img-wrapper stk-image--shape-stretch\"><img loading=\"lazy\" decoding=\"async\" class=\"stk-img wp-image-575\" src=\"https:\/\/fralestore.com\/wp-content\/uploads\/2025\/08\/cy-zone.jpg\" width=\"400\" height=\"400\" srcset=\"https:\/\/fralestore.com\/wp-content\/uploads\/2025\/08\/cy-zone.jpg 400w, https:\/\/fralestore.com\/wp-content\/uploads\/2025\/08\/cy-zone-300x300.jpg 300w, https:\/\/fralestore.com\/wp-content\/uploads\/2025\/08\/cy-zone-150x150.jpg 150w, https:\/\/fralestore.com\/wp-content\/uploads\/2025\/08\/cy-zone-100x100.jpg 100w\" sizes=\"auto, (max-width: 400px) 100vw, 400px\" \/><\/span><\/figure><\/div>\n\n\n\n<div class=\"wp-block-stackable-heading stk-block-heading stk-block-heading--v2 stk-block stk-6c7e261\" id=\"title-2-placeholder\" data-block-id=\"6c7e261\"><style>.stk-6c7e261 .stk-block-heading__text{font-weight:bold !important;}<\/style><h3 class=\"stk-block-heading__text has-text-align-center\"><\/h3><\/div>\n<\/div><\/div><\/div>\n\n\n\n<div class=\"wp-block-stackable-column stk-block-column stk-column stk-block stk-cf20b54\" data-v=\"4\" data-block-id=\"cf20b54\"><div class=\"stk-column-wrapper stk-block-column__content stk-container stk-cf20b54-container stk-hover-parent\"><div class=\"stk-block-content stk-inner-blocks stk-cf20b54-inner-blocks\">\n<div class=\"wp-block-stackable-image stk-block-image stk-block stk-1b39579\" data-block-id=\"1b39579\"><style>.stk-1b39579 .stk-img-wrapper{width:200px !important;}<\/style><figure><span class=\"stk-img-wrapper stk-image--shape-stretch\"><img loading=\"lazy\" decoding=\"async\" class=\"stk-img wp-image-578\" src=\"https:\/\/fralestore.com\/wp-content\/uploads\/2025\/08\/natura.jpg\" width=\"900\" height=\"900\" srcset=\"https:\/\/fralestore.com\/wp-content\/uploads\/2025\/08\/natura.jpg 900w, https:\/\/fralestore.com\/wp-content\/uploads\/2025\/08\/natura-300x300.jpg 300w, https:\/\/fralestore.com\/wp-content\/uploads\/2025\/08\/natura-150x150.jpg 150w, https:\/\/fralestore.com\/wp-content\/uploads\/2025\/08\/natura-768x768.jpg 768w, https:\/\/fralestore.com\/wp-content\/uploads\/2025\/08\/natura-600x600.jpg 600w, https:\/\/fralestore.com\/wp-content\/uploads\/2025\/08\/natura-100x100.jpg 100w\" sizes=\"auto, (max-width: 900px) 100vw, 900px\" \/><\/span><\/figure><\/div>\n\n\n\n<div class=\"wp-block-stackable-heading stk-block-heading stk-block-heading--v2 stk-block stk-6963354\" id=\"title-3-placeholder\" data-block-id=\"6963354\"><style>.stk-6963354 .stk-block-heading__text{font-weight:bold !important;}<\/style><h3 class=\"stk-block-heading__text has-text-align-center\"><\/h3><\/div>\n<\/div><\/div><\/div>\n\n\n\n<div class=\"wp-block-stackable-column stk-block-column stk-column stk-block stk-31a19cf\" data-v=\"4\" data-block-id=\"31a19cf\"><div class=\"stk-column-wrapper stk-block-column__content stk-container stk-31a19cf-container stk--no-background stk--no-padding\"><div class=\"stk-block-content stk-inner-blocks stk-31a19cf-inner-blocks\">\n<div class=\"wp-block-stackable-image stk-block-image stk-block stk-227568c\" data-block-id=\"227568c\"><style>.stk-227568c {margin-top:var(--stk--preset--spacing--60, 2.25rem) !important;}.stk-227568c .stk-img-wrapper{width:200px !important;}<\/style><figure><span class=\"stk-img-wrapper stk-image--shape-stretch\"><img loading=\"lazy\" decoding=\"async\" class=\"stk-img wp-image-576\" src=\"https:\/\/fralestore.com\/wp-content\/uploads\/2025\/08\/esika3.png\" width=\"600\" height=\"600\" srcset=\"https:\/\/fralestore.com\/wp-content\/uploads\/2025\/08\/esika3.png 600w, https:\/\/fralestore.com\/wp-content\/uploads\/2025\/08\/esika3-300x300.png 300w, https:\/\/fralestore.com\/wp-content\/uploads\/2025\/08\/esika3-150x150.png 150w, https:\/\/fralestore.com\/wp-content\/uploads\/2025\/08\/esika3-100x100.png 100w\" sizes=\"auto, (max-width: 600px) 100vw, 600px\" \/><\/span><\/figure><\/div>\n<\/div><\/div><\/div>\n\n\n\n<div class=\"wp-block-stackable-column stk-block-column stk-column stk-block stk-f47dbde\" data-v=\"4\" data-block-id=\"f47dbde\"><div class=\"stk-column-wrapper stk-block-column__content stk-container stk-f47dbde-container stk--no-background stk--no-padding\"><div class=\"stk-block-content stk-inner-blocks stk-f47dbde-inner-blocks\">\n<div class=\"wp-block-stackable-image stk-block-image stk-block stk-51150b2\" data-block-id=\"51150b2\"><style>.stk-51150b2 {margin-top:var(--stk--preset--spacing--60, 2.25rem) !important;}.stk-51150b2 .stk-img-wrapper{width:200px !important;height:199px !important;}<\/style><figure><span class=\"stk-img-wrapper stk-image--shape-stretch\"><img loading=\"lazy\" decoding=\"async\" class=\"stk-img wp-image-577\" src=\"https:\/\/fralestore.com\/wp-content\/uploads\/2025\/08\/lbel.avif\" width=\"320\" height=\"369\" srcset=\"https:\/\/fralestore.com\/wp-content\/uploads\/2025\/08\/lbel.avif 320w, https:\/\/fralestore.com\/wp-content\/uploads\/2025\/08\/lbel-260x300.avif 260w\" sizes=\"auto, (max-width: 320px) 100vw, 320px\" \/><\/span><\/figure><\/div>\n<\/div><\/div><\/div>\n<\/div><div class=\"stk-block-carousel__buttons\"><button class=\"stk-block-carousel__button stk-block-carousel__button__prev\" aria-label=\"Previous slide\"><svg aria-hidden=\"true\" focusable=\"false\" data-prefix=\"fas\" data-icon=\"chevron-left\" class=\"svg-inline--fa fa-chevron-left\" xmlns=\"http:\/\/www.w3.org\/2000\/svg\" viewBox=\"0 0 320 512\" width=\"32\" height=\"32\"><path d=\"M34.52 239.03L228.87 44.69c9.37-9.37 24.57-9.37 33.94 0l22.67 22.67c9.36 9.36 9.37 24.52.04 33.9L131.49 256l154.02 154.75c9.34 9.38 9.32 24.54-.04 33.9l-22.67 22.67c-9.37 9.37-24.57 9.37-33.94 0L34.52 272.97c-9.37-9.37-9.37-24.57 0-33.94z\"><\/path><\/svg><\/button><button class=\"stk-block-carousel__button stk-block-carousel__button__next\" aria-label=\"Next slide\"><svg aria-hidden=\"true\" focusable=\"false\" data-prefix=\"fas\" data-icon=\"chevron-right\" class=\"svg-inline--fa fa-chevron-right\" xmlns=\"http:\/\/www.w3.org\/2000\/svg\" viewBox=\"0 0 320 512\" width=\"32\" height=\"32\"><path d=\"M285.476 272.971L91.132 467.314c-9.373 9.373-24.569 9.373-33.941 0l-22.667-22.667c-9.357-9.357-9.375-24.522-.04-33.901L188.505 256 34.484 101.255c-9.335-9.379-9.317-24.544.04-33.901l22.667-22.667c9.373-9.373 24.569-9.373 33.941 0L285.475 239.03c9.373 9.372 9.373 24.568.001 33.941z\"><\/path><\/svg><\/button><\/div><\/div><div class=\"stk-block-carousel__dots\" role=\"list\" data-label=\"Slide %%d\"><\/div><\/div><\/div>\n<\/div><\/div><\/div>\n<\/div><\/div>\n\n\n\n<p data-block-type=\"core\"><\/p>\n","protected":false},"excerpt":{"rendered":"<p>Este es un Informe Descripci\u00f3n de este bloque. Utiliza este espacio para describir tu bloque. Cualquier texto es v\u00e1lido. Descripci\u00f3n de este bloque. Puedes utilizar este espacio para describir tu bloque. EN LIQUIDACI\u00d3N<\/p>\n","protected":false},"author":1,"featured_media":0,"parent":0,"menu_order":0,"comment_status":"closed","ping_status":"closed","template":"","meta":{"footnotes":""},"class_list":["post-438","page","type-page","status-publish","hentry"],"blocksy_meta":[],"jetpack_sharing_enabled":true,"_links":{"self":[{"href":"https:\/\/fralestore.com\/index.php\/wp-json\/wp\/v2\/pages\/438","targetHints":{"allow":["GET"]}}],"collection":[{"href":"https:\/\/fralestore.com\/index.php\/wp-json\/wp\/v2\/pages"}],"about":[{"href":"https:\/\/fralestore.com\/index.php\/wp-json\/wp\/v2\/types\/page"}],"author":[{"embeddable":true,"href":"https:\/\/fralestore.com\/index.php\/wp-json\/wp\/v2\/users\/1"}],"replies":[{"embeddable":true,"href":"https:\/\/fralestore.com\/index.php\/wp-json\/wp\/v2\/comments?post=438"}],"version-history":[{"count":16,"href":"https:\/\/fralestore.com\/index.php\/wp-json\/wp\/v2\/pages\/438\/revisions"}],"predecessor-version":[{"id":618,"href":"https:\/\/fralestore.com\/index.php\/wp-json\/wp\/v2\/pages\/438\/revisions\/618"}],"wp:attachment":[{"href":"https:\/\/fralestore.com\/index.php\/wp-json\/wp\/v2\/media?parent=438"}],"curies":[{"name":"wp","href":"https:\/\/api.w.org\/{rel}","templated":true}]}}