{"id":120,"date":"2025-07-10T21:14:06","date_gmt":"2025-07-10T21:14:06","guid":{"rendered":"https:\/\/fralestore.com\/?page_id=120"},"modified":"2025-07-26T17:42:17","modified_gmt":"2025-07-26T17:42:17","slug":"nosotros","status":"publish","type":"page","link":"https:\/\/fralestore.com\/index.php\/nosotros\/","title":{"rendered":"\u00bfQuienes somos?"},"content":{"rendered":"\n<div class=\"wp-block-stackable-text stk-block-text stk-block stk-f8d6a14\" data-block-id=\"f8d6a14\"><p class=\"stk-block-text__text\"><strong>FraleStore<\/strong> somos una tienda online peruana dedicada a ofrecerte lo mejor en <strong>moda, belleza y estilo<\/strong>, todo desde la comodidad de tu hogar.<\/p><\/div>\n\n\n\n<p class=\"has-medium-font-size\" data-block-type=\"core\">Nos especializamos en la venta de <strong>ropa moderna<\/strong>, <strong>perfumes originales<\/strong>, <strong>productos de belleza de alta calidad<\/strong> y <strong>zapatos para todas las ocasiones<\/strong>, pensados para personas como t\u00fa: que valoran la comodidad, el buen gusto y la confianza al comprar.<\/p>\n\n\n\n<p data-block-type=\"core\">Nuestra misi\u00f3n es acercarte las mejores marcas y tendencias a precios accesibles, con un servicio r\u00e1pido, seguro y personalizado.<br>Trabajamos cada d\u00eda para que tu experiencia de compra sea simple, confiable y \u00a1100% satisfactoria!<\/p>\n\n\n\n<p data-block-type=\"core\">En <strong>FraleStore<\/strong>, la moda y la belleza no tienen l\u00edmites.<br>\ud83d\uded2 Compra f\u00e1cil. \ud83d\udce6 Recibe r\u00e1pido. \ud83d\udc57 Luce incre\u00edble.<\/p>\n","protected":false},"excerpt":{"rendered":"<p>FraleStore somos una tienda online peruana dedicada a ofrecerte lo mejor en moda, belleza y estilo, todo desde la comodidad de tu hogar. Nos especializamos en la venta de ropa moderna, perfumes originales, productos de belleza de alta calidad y zapatos para todas las ocasiones, pensados para personas como t\u00fa: que valoran la comodidad, el [&hellip;]<\/p>\n","protected":false},"author":1,"featured_media":0,"parent":0,"menu_order":0,"comment_status":"closed","ping_status":"closed","template":"","meta":{"footnotes":""},"class_list":["post-120","page","type-page","status-publish","hentry"],"blocksy_meta":[],"jetpack_sharing_enabled":true,"_links":{"self":[{"href":"https:\/\/fralestore.com\/index.php\/wp-json\/wp\/v2\/pages\/120","targetHints":{"allow":["GET"]}}],"collection":[{"href":"https:\/\/fralestore.com\/index.php\/wp-json\/wp\/v2\/pages"}],"about":[{"href":"https:\/\/fralestore.com\/index.php\/wp-json\/wp\/v2\/types\/page"}],"author":[{"embeddable":true,"href":"https:\/\/fralestore.com\/index.php\/wp-json\/wp\/v2\/users\/1"}],"replies":[{"embeddable":true,"href":"https:\/\/fralestore.com\/index.php\/wp-json\/wp\/v2\/comments?post=120"}],"version-history":[{"count":4,"href":"https:\/\/fralestore.com\/index.php\/wp-json\/wp\/v2\/pages\/120\/revisions"}],"predecessor-version":[{"id":557,"href":"https:\/\/fralestore.com\/index.php\/wp-json\/wp\/v2\/pages\/120\/revisions\/557"}],"wp:attachment":[{"href":"https:\/\/fralestore.com\/index.php\/wp-json\/wp\/v2\/media?parent=120"}],"curies":[{"name":"wp","href":"https:\/\/api.w.org\/{rel}","templated":true}]}}